{"id":85,"date":"2020-02-24T15:59:21","date_gmt":"2020-02-24T14:59:21","guid":{"rendered":"http:\/\/neobaz.com\/?page_id=85"},"modified":"2020-02-25T19:03:56","modified_gmt":"2020-02-25T18:03:56","slug":"sous-traitance","status":"publish","type":"page","link":"https:\/\/neobaz.com\/?page_id=85","title":{"rendered":"Sous-traitance"},"content":{"rendered":"\n<figure class=\"wp-block-image size-large is-resized  animated bounceIn duration2 eds-on-scroll\"><img decoding=\"async\" src=\"http:\/\/neobaz.com\/wp-content\/uploads\/2020\/02\/st-1.png\" alt=\"\" class=\"wp-image-119\" width=\"80\" srcset=\"https:\/\/neobaz.com\/wp-content\/uploads\/2020\/02\/st-1.png 400w, https:\/\/neobaz.com\/wp-content\/uploads\/2020\/02\/st-1-300x278.png 300w\" sizes=\"(max-width: 400px) 100vw, 400px\" \/><\/figure>\n\n\n\n<hr class=\"wp-block-separator\"\/>\n\n\n\n<p><img loading=\"lazy\" decoding=\"async\" width=\"20\" height=\"20\" class=\"wp-image-88\" style=\"width: 20px;\" src=\"http:\/\/neobaz.com\/wp-content\/uploads\/2020\/02\/pilluleR45.png\" alt=\"\" srcset=\"https:\/\/neobaz.com\/wp-content\/uploads\/2020\/02\/pilluleR45.png 134w, https:\/\/neobaz.com\/wp-content\/uploads\/2020\/02\/pilluleR45-100x100.png 100w\" sizes=\"auto, (max-width: 20px) 100vw, 20px\" \/>  En lien avec votre fournisseur, nous vous assurons un service de proximit\u00e9 personnalis\u00e9<\/p>\n\n\n\n<hr class=\"wp-block-separator\"\/>\n\n\n\n<p><img loading=\"lazy\" decoding=\"async\" width=\"20\" height=\"20\" class=\"wp-image-87\" style=\"width: 20px;\" src=\"http:\/\/neobaz.com\/wp-content\/uploads\/2020\/02\/pilluleB45.png\" alt=\"\" srcset=\"https:\/\/neobaz.com\/wp-content\/uploads\/2020\/02\/pilluleB45.png 134w, https:\/\/neobaz.com\/wp-content\/uploads\/2020\/02\/pilluleB45-100x100.png 100w\" sizes=\"auto, (max-width: 20px) 100vw, 20px\" \/>  Assistance sur site via votre fournisseur<\/p>\n\n\n\n<hr class=\"wp-block-separator\"\/>\n\n\n\n<p><img loading=\"lazy\" decoding=\"async\" width=\"20\" height=\"20\" class=\"wp-image-88\" style=\"width: 20px;\" src=\"http:\/\/neobaz.com\/wp-content\/uploads\/2020\/02\/pilluleR45.png\" alt=\"\" srcset=\"https:\/\/neobaz.com\/wp-content\/uploads\/2020\/02\/pilluleR45.png 134w, https:\/\/neobaz.com\/wp-content\/uploads\/2020\/02\/pilluleR45-100x100.png 100w\" sizes=\"auto, (max-width: 20px) 100vw, 20px\" \/>  Formation compl\u00e9mentaire<\/p>\n\n\n\n<p><\/p>\n","protected":false},"excerpt":{"rendered":"<p>En lien avec votre fournisseur, nous vous assurons un service de proximit\u00e9 personnalis\u00e9 Assistance sur site via votre fournisseur Formation compl\u00e9mentaire<\/p>\n","protected":false},"author":1,"featured_media":5,"parent":0,"menu_order":0,"comment_status":"closed","ping_status":"closed","template":"","meta":{"footnotes":""},"class_list":["post-85","page","type-page","status-publish","has-post-thumbnail","hentry"],"_links":{"self":[{"href":"https:\/\/neobaz.com\/index.php?rest_route=\/wp\/v2\/pages\/85","targetHints":{"allow":["GET"]}}],"collection":[{"href":"https:\/\/neobaz.com\/index.php?rest_route=\/wp\/v2\/pages"}],"about":[{"href":"https:\/\/neobaz.com\/index.php?rest_route=\/wp\/v2\/types\/page"}],"author":[{"embeddable":true,"href":"https:\/\/neobaz.com\/index.php?rest_route=\/wp\/v2\/users\/1"}],"replies":[{"embeddable":true,"href":"https:\/\/neobaz.com\/index.php?rest_route=%2Fwp%2Fv2%2Fcomments&post=85"}],"version-history":[{"count":5,"href":"https:\/\/neobaz.com\/index.php?rest_route=\/wp\/v2\/pages\/85\/revisions"}],"predecessor-version":[{"id":144,"href":"https:\/\/neobaz.com\/index.php?rest_route=\/wp\/v2\/pages\/85\/revisions\/144"}],"wp:featuredmedia":[{"embeddable":true,"href":"https:\/\/neobaz.com\/index.php?rest_route=\/wp\/v2\/media\/5"}],"wp:attachment":[{"href":"https:\/\/neobaz.com\/index.php?rest_route=%2Fwp%2Fv2%2Fmedia&parent=85"}],"curies":[{"name":"wp","href":"https:\/\/api.w.org\/{rel}","templated":true}]}}