{"id":8,"date":"2020-02-24T13:47:14","date_gmt":"2020-02-24T12:47:14","guid":{"rendered":"http:\/\/neobaz.com\/?page_id=8"},"modified":"2020-05-01T10:41:14","modified_gmt":"2020-05-01T08:41:14","slug":"accueil-2","status":"publish","type":"page","link":"https:\/\/neobaz.com\/","title":{"rendered":"Accueil"},"content":{"rendered":"\n<h2 class=\"has-text-align-left wp-block-heading\"> Bienvenue sur le site <strong>NEOBAZ<\/strong><\/h2>\n\n\n\n<p><\/p>\n\n\n\n<p class=\"has-text-align-left\">Une exp\u00e9rience de plus de 20 ans \u00e0 vous accompagner.<\/p>\n\n\n\n<p><\/p>\n\n\n\n<p> \u2022  Votre entreprise souhaite int\u00e9grer une personne en situation de handicap.<\/p>\n\n\n\n<p> \u2022  Vous souhaitez vous \u00e9quiper en mat\u00e9riel adapt\u00e9 et \u00eatre aid\u00e9 dans vos choix.<\/p>\n\n\n\n<p> \u2022  Vous avez des difficult\u00e9s pour utiliser votre mat\u00e9riel.<\/p>\n\n\n\n<p> \u2022  Votre appareil \/ logiciel est en panne ou a besoin d&rsquo;\u00eatre mis \u00e0 jour. <\/p>\n\n\n\n<p> \u2022  Vous \u00eates fournisseur et souhaitez un partenaire local pour vos prestations.<\/p>\n\n\n\n<p class=\"has-text-align-left\"><br>Contactez-nous pour trouver des solutions et vous redonner de l&rsquo;autonomie <\/p>\n\n\n\n<p><\/p>\n\n\n\n<hr class=\"wp-block-separator\"\/>\n\n\n\n<p class=\"has-text-align-center\"><img loading=\"lazy\" decoding=\"async\" width=\"150\" height=\"139\" class=\"wp-image-116\" style=\"width: 150px;\" src=\"http:\/\/neobaz.com\/wp-content\/uploads\/2020\/02\/strategie-2.png\" alt=\"\" srcset=\"https:\/\/neobaz.com\/wp-content\/uploads\/2020\/02\/strategie-2.png 400w, https:\/\/neobaz.com\/wp-content\/uploads\/2020\/02\/strategie-2-300x278.png 300w\" sizes=\"auto, (max-width: 150px) 100vw, 150px\" \/><\/p>\n\n\n\n<p class=\"has-text-align-left\"><br> Consultant handicap &#8211; Audit &#8211; Accessibilit\u00e9 Web<\/p>\n\n\n\n<p class=\"has-text-align-left\">Vous permettre d&rsquo;adapter un poste de travail ou vous accompagner dans vos migrations.<\/p>\n\n\n\n<p><\/p>\n\n\n\n<hr class=\"wp-block-separator\"\/>\n\n\n\n<p class=\"has-text-align-center\"> <img loading=\"lazy\" decoding=\"async\" width=\"150\" height=\"139\" class=\"wp-image-117\" style=\"width: 150px;\" src=\"http:\/\/neobaz.com\/wp-content\/uploads\/2020\/02\/formation-2.png\" alt=\"\" srcset=\"https:\/\/neobaz.com\/wp-content\/uploads\/2020\/02\/formation-2.png 400w, https:\/\/neobaz.com\/wp-content\/uploads\/2020\/02\/formation-2-300x278.png 300w\" sizes=\"auto, (max-width: 150px) 100vw, 150px\" \/><\/p>\n\n\n\n<p class=\"has-text-align-left\">Formation Sp\u00e9cialis\u00e9e \u00e0 destination de personnes en situation de handicap <\/p>\n\n\n\n<p class=\"has-text-align-left\">Formation individualis\u00e9e ou collective.<\/p>\n\n\n\n<p><\/p>\n\n\n\n<hr class=\"wp-block-separator\"\/>\n\n\n\n<p class=\"has-text-align-center\"><img loading=\"lazy\" decoding=\"async\" width=\"150\" height=\"139\" class=\"wp-image-118\" style=\"width: 150px;\" src=\"http:\/\/neobaz.com\/wp-content\/uploads\/2020\/02\/maintenance-2.png\" alt=\"\" srcset=\"https:\/\/neobaz.com\/wp-content\/uploads\/2020\/02\/maintenance-2.png 400w, https:\/\/neobaz.com\/wp-content\/uploads\/2020\/02\/maintenance-2-300x278.png 300w\" sizes=\"auto, (max-width: 150px) 100vw, 150px\" \/><\/p>\n\n\n\n<p class=\"has-text-align-left\"><br>Technicien Sp\u00e9cialis\u00e9e <\/p>\n\n\n\n<p class=\"has-text-align-left\">Installation et maintenance des \u00e9quipements<\/p>\n\n\n\n<p><\/p>\n\n\n\n<hr class=\"wp-block-separator\"\/>\n\n\n\n<p class=\"has-text-align-center\"><img loading=\"lazy\" decoding=\"async\" width=\"150\" height=\"139\" class=\"wp-image-119\" style=\"width: 150px;\" src=\"http:\/\/neobaz.com\/wp-content\/uploads\/2020\/02\/st-1.png\" alt=\"\" srcset=\"https:\/\/neobaz.com\/wp-content\/uploads\/2020\/02\/st-1.png 400w, https:\/\/neobaz.com\/wp-content\/uploads\/2020\/02\/st-1-300x278.png 300w\" sizes=\"auto, (max-width: 150px) 100vw, 150px\" \/><\/p>\n\n\n\n<p class=\"has-text-align-left\"><br>Sous-Traitance <\/p>\n\n\n\n<p class=\"has-text-align-left\">Vous assurer un service de proximit\u00e9 suite \u00e0 votre \u00e9quipement en lien avec votre fournisseur.<\/p>\n","protected":false},"excerpt":{"rendered":"<p>Bienvenue sur le site NEOBAZ Une exp\u00e9rience de plus de 20 ans \u00e0 vous accompagner. \u2022 Votre entreprise souhaite int\u00e9grer une personne en situation de handicap. \u2022 Vous souhaitez vous \u00e9quiper en mat\u00e9riel adapt\u00e9 et \u00eatre aid\u00e9 dans vos choix. \u2022 Vous avez des difficult\u00e9s pour utiliser votre mat\u00e9riel. \u2022 Votre appareil \/ logiciel est &hellip; <\/p>\n<p class=\"link-more\"><a href=\"https:\/\/neobaz.com\/\" class=\"more-link\">Continuer la lecture<span class=\"screen-reader-text\"> de &laquo;&nbsp;Accueil&nbsp;&raquo;<\/span><\/a><\/p>\n","protected":false},"author":1,"featured_media":0,"parent":0,"menu_order":0,"comment_status":"closed","ping_status":"closed","template":"","meta":{"footnotes":""},"class_list":["post-8","page","type-page","status-publish","hentry"],"_links":{"self":[{"href":"https:\/\/neobaz.com\/index.php?rest_route=\/wp\/v2\/pages\/8","targetHints":{"allow":["GET"]}}],"collection":[{"href":"https:\/\/neobaz.com\/index.php?rest_route=\/wp\/v2\/pages"}],"about":[{"href":"https:\/\/neobaz.com\/index.php?rest_route=\/wp\/v2\/types\/page"}],"author":[{"embeddable":true,"href":"https:\/\/neobaz.com\/index.php?rest_route=\/wp\/v2\/users\/1"}],"replies":[{"embeddable":true,"href":"https:\/\/neobaz.com\/index.php?rest_route=%2Fwp%2Fv2%2Fcomments&post=8"}],"version-history":[{"count":29,"href":"https:\/\/neobaz.com\/index.php?rest_route=\/wp\/v2\/pages\/8\/revisions"}],"predecessor-version":[{"id":194,"href":"https:\/\/neobaz.com\/index.php?rest_route=\/wp\/v2\/pages\/8\/revisions\/194"}],"wp:attachment":[{"href":"https:\/\/neobaz.com\/index.php?rest_route=%2Fwp%2Fv2%2Fmedia&parent=8"}],"curies":[{"name":"wp","href":"https:\/\/api.w.org\/{rel}","templated":true}]}}