{"id":73,"date":"2020-02-24T15:31:45","date_gmt":"2020-02-24T14:31:45","guid":{"rendered":"http:\/\/neobaz.com\/?page_id=73"},"modified":"2020-02-25T19:05:59","modified_gmt":"2020-02-25T18:05:59","slug":"maintenance-sur-site","status":"publish","type":"page","link":"https:\/\/neobaz.com\/?page_id=73","title":{"rendered":"Maintenance"},"content":{"rendered":"\n<figure class=\"wp-block-image size-large is-resized  animated bounceIn duration2 eds-on-scroll\"><img decoding=\"async\" src=\"http:\/\/neobaz.com\/wp-content\/uploads\/2020\/02\/maintenance-2.png\" alt=\"\" class=\"wp-image-118\" width=\"80\" srcset=\"https:\/\/neobaz.com\/wp-content\/uploads\/2020\/02\/maintenance-2.png 400w, https:\/\/neobaz.com\/wp-content\/uploads\/2020\/02\/maintenance-2-300x278.png 300w\" sizes=\"(max-width: 400px) 100vw, 400px\" \/><\/figure>\n\n\n\n<p><img loading=\"lazy\" decoding=\"async\" width=\"20\" height=\"20\" class=\"wp-image-88\" style=\"width: 20px;\" src=\"http:\/\/neobaz.com\/wp-content\/uploads\/2020\/02\/pilluleR45.png\" alt=\"\" srcset=\"https:\/\/neobaz.com\/wp-content\/uploads\/2020\/02\/pilluleR45.png 134w, https:\/\/neobaz.com\/wp-content\/uploads\/2020\/02\/pilluleR45-100x100.png 100w\" sizes=\"auto, (max-width: 20px) 100vw, 20px\" \/> D\u00e9pannage des aides techniques : <br>       t\u00e9l\u00e9-agrandisseurs, terminaux braille, bloc-notes braille, imprimantes braille<\/p>\n\n\n\n<hr class=\"wp-block-separator\"\/>\n\n\n\n<p><img loading=\"lazy\" decoding=\"async\" width=\"20\" height=\"20\" class=\"wp-image-88\" style=\"width: 20px;\" src=\"http:\/\/neobaz.com\/wp-content\/uploads\/2020\/02\/pilluleR45.png\" alt=\"\" srcset=\"https:\/\/neobaz.com\/wp-content\/uploads\/2020\/02\/pilluleR45.png 134w, https:\/\/neobaz.com\/wp-content\/uploads\/2020\/02\/pilluleR45-100x100.png 100w\" sizes=\"auto, (max-width: 20px) 100vw, 20px\" \/>  Installation et param\u00e9trage de poste<\/p>\n\n\n\n<hr class=\"wp-block-separator\"\/>\n\n\n\n<p><img loading=\"lazy\" decoding=\"async\" width=\"20\" height=\"20\" class=\"wp-image-87\" style=\"width: 20px;\" src=\"http:\/\/neobaz.com\/wp-content\/uploads\/2020\/02\/pilluleB45.png\" alt=\"\" srcset=\"https:\/\/neobaz.com\/wp-content\/uploads\/2020\/02\/pilluleB45.png 134w, https:\/\/neobaz.com\/wp-content\/uploads\/2020\/02\/pilluleB45-100x100.png 100w\" sizes=\"auto, (max-width: 20px) 100vw, 20px\" \/>  R\u00e9installation logicielle et reparam\u00e9trage de poste suite \u00e0 panne ou changement d&rsquo;ordinateur<\/p>\n\n\n\n<hr class=\"wp-block-separator\"\/>\n\n\n\n<p><img loading=\"lazy\" decoding=\"async\" width=\"20\" height=\"20\" class=\"wp-image-87\" style=\"width: 20px;\" src=\"http:\/\/neobaz.com\/wp-content\/uploads\/2020\/02\/pilluleB45.png\" alt=\"\" srcset=\"https:\/\/neobaz.com\/wp-content\/uploads\/2020\/02\/pilluleB45.png 134w, https:\/\/neobaz.com\/wp-content\/uploads\/2020\/02\/pilluleB45-100x100.png 100w\" sizes=\"auto, (max-width: 20px) 100vw, 20px\" \/> T\u00e9l\u00e9-assistance et helpdesk<\/p>\n","protected":false},"excerpt":{"rendered":"<p>D\u00e9pannage des aides techniques : t\u00e9l\u00e9-agrandisseurs, terminaux braille, bloc-notes braille, imprimantes braille Installation et param\u00e9trage de poste R\u00e9installation logicielle et reparam\u00e9trage de poste suite \u00e0 panne ou changement d&rsquo;ordinateur T\u00e9l\u00e9-assistance et helpdesk<\/p>\n","protected":false},"author":1,"featured_media":40,"parent":0,"menu_order":3,"comment_status":"closed","ping_status":"closed","template":"","meta":{"footnotes":""},"class_list":["post-73","page","type-page","status-publish","has-post-thumbnail","hentry"],"_links":{"self":[{"href":"https:\/\/neobaz.com\/index.php?rest_route=\/wp\/v2\/pages\/73","targetHints":{"allow":["GET"]}}],"collection":[{"href":"https:\/\/neobaz.com\/index.php?rest_route=\/wp\/v2\/pages"}],"about":[{"href":"https:\/\/neobaz.com\/index.php?rest_route=\/wp\/v2\/types\/page"}],"author":[{"embeddable":true,"href":"https:\/\/neobaz.com\/index.php?rest_route=\/wp\/v2\/users\/1"}],"replies":[{"embeddable":true,"href":"https:\/\/neobaz.com\/index.php?rest_route=%2Fwp%2Fv2%2Fcomments&post=73"}],"version-history":[{"count":10,"href":"https:\/\/neobaz.com\/index.php?rest_route=\/wp\/v2\/pages\/73\/revisions"}],"predecessor-version":[{"id":147,"href":"https:\/\/neobaz.com\/index.php?rest_route=\/wp\/v2\/pages\/73\/revisions\/147"}],"wp:featuredmedia":[{"embeddable":true,"href":"https:\/\/neobaz.com\/index.php?rest_route=\/wp\/v2\/media\/40"}],"wp:attachment":[{"href":"https:\/\/neobaz.com\/index.php?rest_route=%2Fwp%2Fv2%2Fmedia&parent=73"}],"curies":[{"name":"wp","href":"https:\/\/api.w.org\/{rel}","templated":true}]}}