{"id":2,"date":"2020-02-24T13:42:17","date_gmt":"2020-02-24T12:42:17","guid":{"rendered":"http:\/\/neobaz.com\/?page_id=2"},"modified":"2020-03-10T14:41:26","modified_gmt":"2020-03-10T13:41:26","slug":"page-d-exemple","status":"publish","type":"page","link":"https:\/\/neobaz.com\/?page_id=2","title":{"rendered":"Audit \/ Consulting"},"content":{"rendered":"\n<figure class=\"wp-block-image size-large is-resized animated bounceIn duration2 eds-on-scroll\"><img decoding=\"async\" src=\"http:\/\/neobaz.com\/wp-content\/uploads\/2020\/02\/strategie-2.png\" alt=\"\" class=\"wp-image-116\" width=\"80\" srcset=\"https:\/\/neobaz.com\/wp-content\/uploads\/2020\/02\/strategie-2.png 400w, https:\/\/neobaz.com\/wp-content\/uploads\/2020\/02\/strategie-2-300x278.png 300w\" sizes=\"(max-width: 400px) 100vw, 400px\" \/><\/figure>\n\n\n\n<p>Maitrise d&rsquo;ouvrage handicap \/ Basse-vision<\/p>\n\n\n\n<p>Vous souhaitez un diagnostic sur l&rsquo;accessibilit\u00e9 de vos outils en braille \/ Vocal \/ agrandi<\/p>\n\n\n\n<p>Vous souhaitez vous \u00e9quiper ou \u00e9quiper un salari\u00e9 pour adapter son poste de travail et r\u00e9pondre exhaustivement \u00e0 vos besoins.<\/p>\n\n\n\n<p>Suite \u00e0 une \u00e9volution ou mise \u00e0 jour, les solutions de compensation technique ne sont plus fonctionnelles.<\/p>\n\n\n\n<p>Nous pouvons vous accompagner par une action sur le terrain et la mise en relation avec diff\u00e9rents sp\u00e9cialistes.<\/p>\n\n\n\n<hr class=\"wp-block-separator\"\/>\n\n\n\n<p><img loading=\"lazy\" decoding=\"async\" width=\"20\" height=\"20\" class=\"wp-image-88\" style=\"width: 20px;\" src=\"http:\/\/neobaz.com\/wp-content\/uploads\/2020\/02\/pilluleR45.png\" alt=\"\" srcset=\"https:\/\/neobaz.com\/wp-content\/uploads\/2020\/02\/pilluleR45.png 134w, https:\/\/neobaz.com\/wp-content\/uploads\/2020\/02\/pilluleR45-100x100.png 100w\" sizes=\"auto, (max-width: 20px) 100vw, 20px\" \/>  Analyse de poste de travail et propositions d\u2019am\u00e9nagements<\/p>\n\n\n\n<hr class=\"wp-block-separator\"\/>\n\n\n\n<p><img loading=\"lazy\" decoding=\"async\" width=\"20\" height=\"20\" class=\"wp-image-87\" style=\"width: 20px;\" src=\"http:\/\/neobaz.com\/wp-content\/uploads\/2020\/02\/pilluleB45.png\" alt=\"\" srcset=\"https:\/\/neobaz.com\/wp-content\/uploads\/2020\/02\/pilluleB45.png 134w, https:\/\/neobaz.com\/wp-content\/uploads\/2020\/02\/pilluleB45-100x100.png 100w\" sizes=\"auto, (max-width: 20px) 100vw, 20px\" \/>  Identifier les solutions techniques de compensation<\/p>\n\n\n\n<hr class=\"wp-block-separator\"\/>\n\n\n\n<p><img loading=\"lazy\" decoding=\"async\" width=\"20\" height=\"20\" class=\"wp-image-88\" style=\"width: 20px;\" src=\"http:\/\/neobaz.com\/wp-content\/uploads\/2020\/02\/pilluleR45.png\" alt=\"\" srcset=\"https:\/\/neobaz.com\/wp-content\/uploads\/2020\/02\/pilluleR45.png 134w, https:\/\/neobaz.com\/wp-content\/uploads\/2020\/02\/pilluleR45-100x100.png 100w\" sizes=\"auto, (max-width: 20px) 100vw, 20px\" \/>  Accompagnement de la personne en situation de handicap ou de son encadrement.<\/p>\n\n\n\n<hr class=\"wp-block-separator\"\/>\n\n\n\n<p><img loading=\"lazy\" decoding=\"async\" width=\"20\" height=\"20\" class=\"wp-image-87\" style=\"width: 20px;\" src=\"http:\/\/neobaz.com\/wp-content\/uploads\/2020\/02\/pilluleB45.png\" alt=\"\" srcset=\"https:\/\/neobaz.com\/wp-content\/uploads\/2020\/02\/pilluleB45.png 134w, https:\/\/neobaz.com\/wp-content\/uploads\/2020\/02\/pilluleB45-100x100.png 100w\" sizes=\"auto, (max-width: 20px) 100vw, 20px\" \/>  D\u00e9veloppement informatique et mise en accessibilit\u00e9 des outils informatiques.<\/p>\n\n\n\n<hr class=\"wp-block-separator\"\/>\n\n\n\n<p><img loading=\"lazy\" decoding=\"async\" width=\"20\" height=\"20\" class=\"wp-image-88\" style=\"width: 20px;\" src=\"http:\/\/neobaz.com\/wp-content\/uploads\/2020\/02\/pilluleR45.png\" alt=\"\" srcset=\"https:\/\/neobaz.com\/wp-content\/uploads\/2020\/02\/pilluleR45.png 134w, https:\/\/neobaz.com\/wp-content\/uploads\/2020\/02\/pilluleR45-100x100.png 100w\" sizes=\"auto, (max-width: 20px) 100vw, 20px\" \/>  Accessibilit\u00e9 WEB pour les personnes en situation de handicap.<\/p>\n\n\n\n<hr class=\"wp-block-separator\"\/>\n\n\n\n<p><img loading=\"lazy\" decoding=\"async\" width=\"20\" height=\"20\" class=\"wp-image-87\" style=\"width: 20px;\" src=\"http:\/\/neobaz.com\/wp-content\/uploads\/2020\/02\/pilluleB45.png\" alt=\"\" srcset=\"https:\/\/neobaz.com\/wp-content\/uploads\/2020\/02\/pilluleB45.png 134w, https:\/\/neobaz.com\/wp-content\/uploads\/2020\/02\/pilluleB45-100x100.png 100w\" sizes=\"auto, (max-width: 20px) 100vw, 20px\" \/>  Mission de prospective RH sur l\u2019accessibilit\u00e9 des m\u00e9tiers.<\/p>\n","protected":false},"excerpt":{"rendered":"<p>Maitrise d&rsquo;ouvrage handicap \/ Basse-vision Vous souhaitez un diagnostic sur l&rsquo;accessibilit\u00e9 de vos outils en braille \/ Vocal \/ agrandi Vous souhaitez vous \u00e9quiper ou \u00e9quiper un salari\u00e9 pour adapter son poste de travail et r\u00e9pondre exhaustivement \u00e0 vos besoins. Suite \u00e0 une \u00e9volution ou mise \u00e0 jour, les solutions de compensation technique ne sont &hellip; <\/p>\n<p class=\"link-more\"><a href=\"https:\/\/neobaz.com\/?page_id=2\" class=\"more-link\">Continuer la lecture<span class=\"screen-reader-text\"> de &laquo;&nbsp;Audit \/ Consulting&nbsp;&raquo;<\/span><\/a><\/p>\n","protected":false},"author":1,"featured_media":37,"parent":0,"menu_order":0,"comment_status":"closed","ping_status":"open","template":"","meta":{"footnotes":""},"class_list":["post-2","page","type-page","status-publish","has-post-thumbnail","hentry"],"_links":{"self":[{"href":"https:\/\/neobaz.com\/index.php?rest_route=\/wp\/v2\/pages\/2","targetHints":{"allow":["GET"]}}],"collection":[{"href":"https:\/\/neobaz.com\/index.php?rest_route=\/wp\/v2\/pages"}],"about":[{"href":"https:\/\/neobaz.com\/index.php?rest_route=\/wp\/v2\/types\/page"}],"author":[{"embeddable":true,"href":"https:\/\/neobaz.com\/index.php?rest_route=\/wp\/v2\/users\/1"}],"replies":[{"embeddable":true,"href":"https:\/\/neobaz.com\/index.php?rest_route=%2Fwp%2Fv2%2Fcomments&post=2"}],"version-history":[{"count":14,"href":"https:\/\/neobaz.com\/index.php?rest_route=\/wp\/v2\/pages\/2\/revisions"}],"predecessor-version":[{"id":152,"href":"https:\/\/neobaz.com\/index.php?rest_route=\/wp\/v2\/pages\/2\/revisions\/152"}],"wp:featuredmedia":[{"embeddable":true,"href":"https:\/\/neobaz.com\/index.php?rest_route=\/wp\/v2\/media\/37"}],"wp:attachment":[{"href":"https:\/\/neobaz.com\/index.php?rest_route=%2Fwp%2Fv2%2Fmedia&parent=2"}],"curies":[{"name":"wp","href":"https:\/\/api.w.org\/{rel}","templated":true}]}}